{"id":22739,"date":"2024-08-30T00:50:04","date_gmt":"2024-08-29T22:50:04","guid":{"rendered":"https:\/\/maimi-collection.pl\/?post_type=product&#038;p=22739"},"modified":"2024-08-31T13:53:39","modified_gmt":"2024-08-31T11:53:39","slug":"sukienka-yumi","status":"publish","type":"product","link":"https:\/\/maimi-collection.pl\/en\/product\/sukienka-yumi\/","title":{"rendered":"Sukienka Yumi"},"content":{"rendered":"<div class=\"flex-shrink-0 flex flex-col relative items-end\">\n<div>\n<div class=\"pt-0\">\n<div class=\"gizmo-bot-avatar flex h-8 w-8 items-center justify-center overflow-hidden rounded-full\">\n<div class=\"relative p-1 rounded-sm flex items-center justify-center bg-token-main-surface-primary text-token-text-primary h-8 w-8\">Sukienka <strong>Yumi <\/strong>to wyj\u0105tkowy model, kt\u00f3ry zachwyca swoj\u0105 elegancj\u0105 i dziewcz\u0119cym urokiem. Wykonana z pi\u0119knego, b\u0142yszcz\u0105cego materia\u0142u, kt\u00f3ry delikatnie odbija \u015bwiat\u0142o, sukienka emanuje subtelnym blaskiem, przyci\u0105gaj\u0105c uwag\u0119. Du\u017ce kokardy umieszczone na sukience dodaj\u0105 jej s\u0142odkiego i romantycznego wygl\u0105du, co czyni j\u0105 idealnym wyborem na specjalne okazje.<\/div>\n<\/div>\n<\/div>\n<\/div>\n<\/div>\n<div class=\"group\/conversation-turn relative flex w-full min-w-0 flex-col agent-turn\">\n<div class=\"flex-col gap-1 md:gap-3\">\n<div class=\"flex max-w-full flex-col flex-grow\">\n<div class=\"min-h-[20px] text-message flex w-full flex-col items-end gap-2 break-words [.text-message+&amp;]:mt-5 overflow-x-auto whitespace-pre-wrap\" dir=\"auto\" data-message-author-role=\"assistant\" data-message-id=\"18044d4f-ec42-4233-a6df-f125850913d1\">\n<div class=\"flex w-full flex-col gap-1 empty:hidden first:pt-[3px]\">\n<div class=\"markdown prose w-full break-words dark:prose-invert light\">\n<p>Dzi\u0119ki wszytej z ty\u0142u gumie, sukienka doskonale dopasowuje si\u0119 w biu\u015bcie, zapewniaj\u0105c wygod\u0119 i komfort noszenia. Regulowane rami\u0105czka umo\u017cliwiaj\u0105 dopasowanie ich d\u0142ugo\u015bci do Twoich potrzeb, co zwi\u0119ksza funkcjonalno\u015b\u0107 i pozwala na idealne u\u0142o\u017cenie sukienki. Ty\u0142 sukienki cz\u0119\u015bciowo ods\u0142ania plecy, dodaj\u0105c ca\u0142o\u015bci subtelnej zmys\u0142owo\u015bci i romantyzmu.<\/p>\n<p>Lekka i przewiewna, sukienka Yumi to doskona\u0142y wyb\u00f3r na letnie spacery czy wyj\u0105tkowe wyj\u015bcia. Jej unikalny design sprawi, \u017ce poczujesz si\u0119 wyj\u0105tkowo, a jednocze\u015bnie zapewni komfort, kt\u00f3ry pozwoli Ci cieszy\u0107 si\u0119 ka\u017cd\u0105 chwil\u0105. To kreacja, kt\u00f3ra zdecydowanie przyci\u0105gnie wzrok i sprawi, \u017ce b\u0119dziesz czu\u0142a si\u0119 pi\u0119knie i pewnie.<\/p>\n<\/div>\n<p>Sukienka wyst\u0119puje w rozmiarze S oraz w rozmiarze M.<\/p>\n<div>\n<p>Wymiary:<\/p>\n<\/div>\n<div>Rozmiar S<br \/>\nObw\u00f3d w talii 64 cm<br \/>\nObw\u00f3d bioder 90 cm<\/div>\n<div>Obw\u00f3d biustu 86 cm<br \/>\nD\u0142ugo\u015b\u0107 ca\u0142kowita 62 cm<\/div>\n<div>\n<p>Rozmiar M<br \/>\nObw\u00f3d w talii 70 cm<br \/>\nObw\u00f3d bioder 96\u00a0 cm<br \/>\nObw\u00f3d biustu 90 cm<br \/>\nD\u0142ugo\u015b\u0107 ca\u0142kowita 65 cm<\/p>\n<\/div>\n<p>&nbsp;<\/p>\n<p>&nbsp;<\/p>\n<\/div>\n<p>&nbsp;<\/p>\n<\/div>\n<\/div>\n<\/div>\n<\/div>","protected":false},"excerpt":{"rendered":"<p>Sukienka Yumi to wyj\u0105tkowy model, kt\u00f3ry zachwyca swoj\u0105 elegancj\u0105 i dziewcz\u0119cym urokiem. Wykonana z pi\u0119knego, b\u0142yszcz\u0105cego materia\u0142u, kt\u00f3ry delikatnie odbija \u015bwiat\u0142o, sukienka emanuje subtelnym blaskiem, przyci\u0105gaj\u0105c uwag\u0119. Du\u017ce kokardy umieszczone na sukience dodaj\u0105 jej s\u0142odkiego i romantycznego wygl\u0105du, co czyni j\u0105 idealnym wyborem na specjalne okazje. Dzi\u0119ki wszytej z ty\u0142u gumie, sukienka doskonale dopasowuje si\u0119 [&hellip;]<\/p>","protected":false},"featured_media":22755,"comment_status":"closed","ping_status":"closed","template":"","meta":{"_monsterinsights_skip_tracking":false,"_monsterinsights_sitenote_active":false,"_monsterinsights_sitenote_note":"","_monsterinsights_sitenote_category":0},"product_cat":[26,204],"product_tag":[231,230],"class_list":{"0":"post-22739","1":"product","2":"type-product","3":"status-publish","4":"has-post-thumbnail","6":"product_cat-bestseller","7":"product_cat-sukienki","8":"product_tag-kokardy","9":"product_tag-sukienka-rozowa","11":"first","12":"instock","13":"shipping-taxable","14":"purchasable","15":"product-type-variable","16":"add-to-wishlist-before_image"},"aioseo_notices":[],"_links":{"self":[{"href":"https:\/\/maimi-collection.pl\/en\/wp-json\/wp\/v2\/product\/22739","targetHints":{"allow":["GET"]}}],"collection":[{"href":"https:\/\/maimi-collection.pl\/en\/wp-json\/wp\/v2\/product"}],"about":[{"href":"https:\/\/maimi-collection.pl\/en\/wp-json\/wp\/v2\/types\/product"}],"replies":[{"embeddable":true,"href":"https:\/\/maimi-collection.pl\/en\/wp-json\/wp\/v2\/comments?post=22739"}],"wp:featuredmedia":[{"embeddable":true,"href":"https:\/\/maimi-collection.pl\/en\/wp-json\/wp\/v2\/media\/22755"}],"wp:attachment":[{"href":"https:\/\/maimi-collection.pl\/en\/wp-json\/wp\/v2\/media?parent=22739"}],"wp:term":[{"taxonomy":"product_cat","embeddable":true,"href":"https:\/\/maimi-collection.pl\/en\/wp-json\/wp\/v2\/product_cat?post=22739"},{"taxonomy":"product_tag","embeddable":true,"href":"https:\/\/maimi-collection.pl\/en\/wp-json\/wp\/v2\/product_tag?post=22739"}],"curies":[{"name":"wp","href":"https:\/\/api.w.org\/{rel}","templated":true}]}}