{"id":22731,"date":"2024-08-30T00:38:52","date_gmt":"2024-08-29T22:38:52","guid":{"rendered":"https:\/\/maimi-collection.pl\/?post_type=product&#038;p=22731"},"modified":"2024-09-09T18:58:40","modified_gmt":"2024-09-09T16:58:40","slug":"spodenki-semi","status":"publish","type":"product","link":"https:\/\/maimi-collection.pl\/en\/product\/spodenki-semi\/","title":{"rendered":"Spodenki Semi"},"content":{"rendered":"<div class=\"pt-0\">\n<div class=\"gizmo-bot-avatar flex h-8 w-8 items-center justify-center overflow-hidden rounded-full\">\n<div class=\"relative p-1 rounded-sm flex items-center justify-center bg-token-main-surface-primary text-token-text-primary h-8 w-8\">\n<div class=\"flex-shrink-0 flex flex-col relative items-end\">\n<div>\n<div class=\"pt-0\">\n<div class=\"gizmo-bot-avatar flex h-8 w-8 items-center justify-center overflow-hidden rounded-full\">\n<blockquote>\n<div class=\"relative p-1 rounded-sm flex items-center justify-center bg-token-main-surface-primary text-token-text-primary h-8 w-8\" style=\"text-align: left;\">Poznaj kr\u00f3tkie spodenki <strong>Semi<\/strong> &#8211; wyj\u0105tkowy model, kt\u00f3ry \u0142\u0105czy elegancj\u0119 z wygod\u0105. Spodenki wykonane z najwy\u017csz\u0105 staranno\u015bci\u0105, z prostymi, lekko dopasowanymi nogawkami, kt\u00f3re podkre\u015blaj\u0105 sylwetk\u0119, ale pozostawiaj\u0105 swobod\u0119 ruchu. W pasie umieszczono elastyczn\u0105 gum\u0119, dzi\u0119ki czemu spodenki doskonale przylegaj\u0105 do cia\u0142a, nie kr\u0119puj\u0105c przy tym \u017cadnych ruch\u00f3w. Materia\u0142, z kt\u00f3rego s\u0105 wykonane, charakteryzuje si\u0119 subteln\u0105 elegancj\u0105, dzi\u0119ki czemu spodenki Semi b\u0119d\u0105 idealne na r\u00f3\u017cne okazje \u2013 od codziennych stylizacji po bardziej formalne wyj\u015bcia.<\/div>\n<\/blockquote>\n<\/div>\n<\/div>\n<\/div>\n<\/div>\n<div class=\"group\/conversation-turn relative flex w-full min-w-0 flex-col agent-turn\">\n<div class=\"flex-col gap-1 md:gap-3\">\n<div class=\"flex max-w-full flex-col flex-grow\">\n<div class=\"min-h-[20px] text-message flex w-full flex-col items-end gap-2 break-words [.text-message+&amp;]:mt-5 overflow-x-auto whitespace-pre-wrap\" dir=\"auto\" data-message-author-role=\"assistant\" data-message-id=\"d8845bb8-2f7e-46c6-9202-95512c5cc2af\">\n<div class=\"flex w-full flex-col gap-1 empty:hidden first:pt-[3px]\">\n<div class=\"markdown prose w-full break-words dark:prose-invert light\">\n<p>Dost\u0119pne s\u0105 w kilku wersjach kolorystycznych: klasyczna biel, egzotyczny wz\u00f3r panterki, a tak\u017ce be\u017cowa wersja z delikatnym panterkowym akcentem. To idealny wyb\u00f3r dla kobiet, kt\u00f3re ceni\u0105 sobie mod\u0119, wygod\u0119 i wszechstronno\u015b\u0107 w jednym.<\/p>\n<p>Spodenki dost\u0119pne w dw\u00f3ch wersjach rozmiarowych XS\/ S oraz M\/L.<\/p>\n<p>Wymiary XS\/S<\/p>\n<\/div>\n<p>&nbsp;<\/p>\n<\/div>\n<\/div>\n<\/div>\n<\/div>\n<\/div>\n<\/div>\n<\/div>\n<\/div>","protected":false},"excerpt":{"rendered":"<p>Poznaj kr\u00f3tkie spodenki Semi &#8211; wyj\u0105tkowy model, kt\u00f3ry \u0142\u0105czy elegancj\u0119 z wygod\u0105. Spodenki wykonane z najwy\u017csz\u0105 staranno\u015bci\u0105, z prostymi, lekko dopasowanymi nogawkami, kt\u00f3re podkre\u015blaj\u0105 sylwetk\u0119, ale pozostawiaj\u0105 swobod\u0119 ruchu. W pasie umieszczono elastyczn\u0105 gum\u0119, dzi\u0119ki czemu spodenki doskonale przylegaj\u0105 do cia\u0142a, nie kr\u0119puj\u0105c przy tym \u017cadnych ruch\u00f3w. Materia\u0142, z kt\u00f3rego s\u0105 wykonane, charakteryzuje si\u0119 subteln\u0105 [&hellip;]<\/p>","protected":false},"featured_media":22787,"comment_status":"closed","ping_status":"closed","template":"","meta":{"_monsterinsights_skip_tracking":false,"_monsterinsights_sitenote_active":false,"_monsterinsights_sitenote_note":"","_monsterinsights_sitenote_category":0},"product_cat":[207],"product_tag":[240],"class_list":{"0":"post-22731","1":"product","2":"type-product","3":"status-publish","4":"has-post-thumbnail","6":"product_cat-spodenki","7":"product_tag-krotkie-spodenki","9":"first","10":"instock","11":"shipping-taxable","12":"purchasable","13":"product-type-variable","14":"add-to-wishlist-before_image"},"aioseo_notices":[],"_links":{"self":[{"href":"https:\/\/maimi-collection.pl\/en\/wp-json\/wp\/v2\/product\/22731","targetHints":{"allow":["GET"]}}],"collection":[{"href":"https:\/\/maimi-collection.pl\/en\/wp-json\/wp\/v2\/product"}],"about":[{"href":"https:\/\/maimi-collection.pl\/en\/wp-json\/wp\/v2\/types\/product"}],"replies":[{"embeddable":true,"href":"https:\/\/maimi-collection.pl\/en\/wp-json\/wp\/v2\/comments?post=22731"}],"wp:featuredmedia":[{"embeddable":true,"href":"https:\/\/maimi-collection.pl\/en\/wp-json\/wp\/v2\/media\/22787"}],"wp:attachment":[{"href":"https:\/\/maimi-collection.pl\/en\/wp-json\/wp\/v2\/media?parent=22731"}],"wp:term":[{"taxonomy":"product_cat","embeddable":true,"href":"https:\/\/maimi-collection.pl\/en\/wp-json\/wp\/v2\/product_cat?post=22731"},{"taxonomy":"product_tag","embeddable":true,"href":"https:\/\/maimi-collection.pl\/en\/wp-json\/wp\/v2\/product_tag?post=22731"}],"curies":[{"name":"wp","href":"https:\/\/api.w.org\/{rel}","templated":true}]}}