{"id":22724,"date":"2024-08-30T00:27:41","date_gmt":"2024-08-29T22:27:41","guid":{"rendered":"https:\/\/maimi-collection.pl\/?post_type=product&#038;p=22724"},"modified":"2024-09-09T18:55:18","modified_gmt":"2024-09-09T16:55:18","slug":"spodenki-soko-white","status":"publish","type":"product","link":"https:\/\/maimi-collection.pl\/en\/product\/spodenki-soko-white\/","title":{"rendered":"Spodenki Soko White"},"content":{"rendered":"<div class=\"pt-0\">\n<div class=\"gizmo-bot-avatar flex h-8 w-8 items-center justify-center overflow-hidden rounded-full\">\n<blockquote>\n<div class=\"relative p-1 rounded-sm flex items-center justify-center bg-token-main-surface-primary text-token-text-primary h-8 w-8\">Poznaj nasze\u00a0kr\u00f3tkie spodenki <strong>Soko<\/strong> \u2013 kwintesencj\u0119 wygody i stylu. Te wyj\u0105tkowe spodenki zosta\u0142y zaprojektowane z my\u015bl\u0105 o kobietach ceni\u0105cych zar\u00f3wno komfort, jak i elegancj\u0119. Szerokie nogawki zapewniaj\u0105 swobod\u0119 ruchu, a elastyczna guma w pasie sprawia, \u017ce idealnie dopasowuj\u0105 si\u0119 do ka\u017cdej sylwetki. Wykonane z wysokogatunkowych materia\u0142\u00f3w. \u015awietnie suzupe\u0142ni\u0105 wiele stylizacji.<\/div>\n<\/blockquote>\n<div><\/div>\n<div class=\"relative p-1 rounded-sm flex items-center justify-center bg-token-main-surface-primary text-token-text-primary h-8 w-8\">Spodenki Soko dost\u0119pne s\u0105 w kilku wersjach kolorystycznych, aby ka\u017cda z Was mog\u0142a znale\u017a\u0107 co\u015b dla siebie. Mo\u017cesz wybra\u0107 egzotyczny wz\u00f3r panterki, kt\u00f3ry doda pazura Twoim stylizacjom, s\u0142odki odcie\u0144 r\u00f3\u017cu, kt\u00f3ry wprowadzi dziewcz\u0119cy urok, klasyczn\u0105 biel, idealn\u0105 na letnie dni, lub be\u017cow\u0105 wersj\u0119 z panterkowym akcentem, kt\u00f3ra \u0142\u0105czy neutralno\u015b\u0107 z nut\u0105 dziko\u015bci. Niezale\u017cnie od okazji, spodenki Soko b\u0119d\u0105 doskona\u0142ym wyborem.<\/div>\n<\/div>\n<div>Spodenki dost\u0119pne s\u0105 w dw\u00f3ch rozmiarach XS\/S oraz M\/L<\/div>\n<\/div>\n<div>\n<div class=\"flex-shrink-0 flex flex-col relative items-end\">\n<div>\n<p>Wymiary<br \/>\nXS\/S<\/p>\n<p>Obw\u00f3d talii 66 cm<br \/>\nObw\u00f3d bioder 92 cm<br \/>\nD\u0142ugo\u015b\u0107 mierzona po szwie bocznym 31 cm<\/p>\n<\/div>\n<\/div>\n<div>M\/L<\/div>\n<div><\/div>\n<div>Obw\u00f3d talii 72 cm<\/div>\n<div>Obw\u00f3d bioder 97 cm<br \/>\nD\u0142ugo\u015b\u0107 mierzona po szwie bocznym 32 cm<\/div>\n<\/div>","protected":false},"excerpt":{"rendered":"<p>Poznaj nasze\u00a0kr\u00f3tkie spodenki Soko \u2013 kwintesencj\u0119 wygody i stylu. Te wyj\u0105tkowe spodenki zosta\u0142y zaprojektowane z my\u015bl\u0105 o kobietach ceni\u0105cych zar\u00f3wno komfort, jak i elegancj\u0119. Szerokie nogawki zapewniaj\u0105 swobod\u0119 ruchu, a elastyczna guma w pasie sprawia, \u017ce idealnie dopasowuj\u0105 si\u0119 do ka\u017cdej sylwetki. Wykonane z wysokogatunkowych materia\u0142\u00f3w. \u015awietnie suzupe\u0142ni\u0105 wiele stylizacji. Spodenki Soko dost\u0119pne s\u0105 w [&hellip;]<\/p>","protected":false},"featured_media":22784,"comment_status":"closed","ping_status":"closed","template":"","meta":{"_monsterinsights_skip_tracking":false,"_monsterinsights_sitenote_active":false,"_monsterinsights_sitenote_note":"","_monsterinsights_sitenote_category":0},"product_cat":[207],"product_tag":[235,232],"class_list":{"0":"post-22724","1":"product","2":"type-product","3":"status-publish","4":"has-post-thumbnail","6":"product_cat-spodenki","7":"product_tag-spodenki-biale","8":"product_tag-spodenki-krotkie","10":"first","11":"instock","12":"shipping-taxable","13":"purchasable","14":"product-type-variable","15":"add-to-wishlist-before_image"},"aioseo_notices":[],"_links":{"self":[{"href":"https:\/\/maimi-collection.pl\/en\/wp-json\/wp\/v2\/product\/22724","targetHints":{"allow":["GET"]}}],"collection":[{"href":"https:\/\/maimi-collection.pl\/en\/wp-json\/wp\/v2\/product"}],"about":[{"href":"https:\/\/maimi-collection.pl\/en\/wp-json\/wp\/v2\/types\/product"}],"replies":[{"embeddable":true,"href":"https:\/\/maimi-collection.pl\/en\/wp-json\/wp\/v2\/comments?post=22724"}],"wp:featuredmedia":[{"embeddable":true,"href":"https:\/\/maimi-collection.pl\/en\/wp-json\/wp\/v2\/media\/22784"}],"wp:attachment":[{"href":"https:\/\/maimi-collection.pl\/en\/wp-json\/wp\/v2\/media?parent=22724"}],"wp:term":[{"taxonomy":"product_cat","embeddable":true,"href":"https:\/\/maimi-collection.pl\/en\/wp-json\/wp\/v2\/product_cat?post=22724"},{"taxonomy":"product_tag","embeddable":true,"href":"https:\/\/maimi-collection.pl\/en\/wp-json\/wp\/v2\/product_tag?post=22724"}],"curies":[{"name":"wp","href":"https:\/\/api.w.org\/{rel}","templated":true}]}}