{"id":22721,"date":"2024-08-30T00:25:06","date_gmt":"2024-08-29T22:25:06","guid":{"rendered":"https:\/\/maimi-collection.pl\/?post_type=product&#038;p=22721"},"modified":"2024-09-09T19:08:58","modified_gmt":"2024-09-09T17:08:58","slug":"spodenki-soko-pink","status":"publish","type":"product","link":"https:\/\/maimi-collection.pl\/en\/product\/spodenki-soko-pink\/","title":{"rendered":"Spodenki Soko Pink"},"content":{"rendered":"<div class=\"flex-shrink-0 flex flex-col relative items-end\">\n<div>\n<div class=\"pt-0\">\n<div class=\"gizmo-bot-avatar flex h-8 w-8 items-center justify-center overflow-hidden rounded-full\">\n<div class=\"relative p-1 rounded-sm flex items-center justify-center bg-token-main-surface-primary text-token-text-primary h-8 w-8\">Poznaj <strong>kr\u00f3tkie spodenki Soko<\/strong> \u2013 kwintesencj\u0119 wygody i stylu. Te wyj\u0105tkowe spodenki zosta\u0142y zaprojektowane z my\u015bl\u0105 o kobietach ceni\u0105cych zar\u00f3wno komfort, jak i elegancj\u0119. Szerokie nogawki zapewniaj\u0105 swobod\u0119 ruchu, a elastyczna guma w pasie sprawia, \u017ce idealnie dopasowuj\u0105 si\u0119 do ka\u017cdej sylwetki, nie uciskaj\u0105c przy tym brzucha. Wykonane z wysokogatunkowego materia\u0142u, kt\u00f3ry nadaje im subtelnej elegancji, \u015bwietnie sprawdz\u0105 si\u0119 zar\u00f3wno na co dzie\u0144, jak i podczas bardziej formalnych okazji.<\/div>\n<\/div>\n<\/div>\n<\/div>\n<\/div>\n<div class=\"group\/conversation-turn relative flex w-full min-w-0 flex-col agent-turn\">\n<div class=\"flex-col gap-1 md:gap-3\">\n<div class=\"flex max-w-full flex-col flex-grow\">\n<div class=\"min-h-[20px] text-message flex w-full flex-col items-end gap-2 break-words [.text-message+&amp;]:mt-5 overflow-x-auto whitespace-pre-wrap\" dir=\"auto\" data-message-author-role=\"assistant\" data-message-id=\"05733294-dbbd-4531-be14-2dab9342ba57\">\n<div class=\"flex w-full flex-col gap-1 empty:hidden first:pt-[3px]\">\n<div class=\"markdown prose w-full break-words dark:prose-invert light\">\n<p>Spodenki Soko dost\u0119pne s\u0105 w kilku wersjach kolorystycznych, aby ka\u017cda z Was mog\u0142a znale\u017a\u0107 co\u015b dla siebie. Mo\u017cesz wybra\u0107 egzotyczny wz\u00f3r panterki, kt\u00f3ry doda pazura Twoim stylizacjom, s\u0142odki odcie\u0144 r\u00f3\u017cu, kt\u00f3ry wprowadzi dziewcz\u0119cy urok, klasyczn\u0105 biel, idealn\u0105 na letnie dni, lub be\u017cow\u0105 wersj\u0119 z panterkowym akcentem, kt\u00f3ra \u0142\u0105czy neutralno\u015b\u0107 z nut\u0105 dziko\u015bci. Niezale\u017cnie od okazji, spodenki Soko b\u0119d\u0105 doskona\u0142ym wyborem.<\/p>\n<div class=\"flex-shrink-0 flex flex-col relative items-end\">\n<div>\n<p>Wymiary<br \/>\nXS\/S<\/p>\n<p>Obw\u00f3d talii 66 cm<br \/>\nObw\u00f3d bioder 92 cm<br \/>\nD\u0142ugo\u015b\u0107 mierzona po szwie bocznym 31 cm<\/p>\n<\/div>\n<\/div>\n<div>M\/L<\/div>\n<div><\/div>\n<div>Obw\u00f3d talii 72 cm<\/div>\n<div>Obw\u00f3d bioder 97 cm<br \/>\nD\u0142ugo\u015b\u0107 mierzona po szwie bocznym 32 cm<\/div>\n<\/div>\n<\/div>\n<\/div>\n<\/div>\n<\/div>\n<\/div>","protected":false},"excerpt":{"rendered":"<p>Poznaj kr\u00f3tkie spodenki Soko \u2013 kwintesencj\u0119 wygody i stylu. Te wyj\u0105tkowe spodenki zosta\u0142y zaprojektowane z my\u015bl\u0105 o kobietach ceni\u0105cych zar\u00f3wno komfort, jak i elegancj\u0119. Szerokie nogawki zapewniaj\u0105 swobod\u0119 ruchu, a elastyczna guma w pasie sprawia, \u017ce idealnie dopasowuj\u0105 si\u0119 do ka\u017cdej sylwetki, nie uciskaj\u0105c przy tym brzucha. Wykonane z wysokogatunkowego materia\u0142u, kt\u00f3ry nadaje im subtelnej [&hellip;]<\/p>","protected":false},"featured_media":22789,"comment_status":"closed","ping_status":"closed","template":"","meta":{"_monsterinsights_skip_tracking":false,"_monsterinsights_sitenote_active":false,"_monsterinsights_sitenote_note":"","_monsterinsights_sitenote_category":0},"product_cat":[26,207],"product_tag":[232,234],"class_list":{"0":"post-22721","1":"product","2":"type-product","3":"status-publish","4":"has-post-thumbnail","6":"product_cat-bestseller","7":"product_cat-spodenki","8":"product_tag-spodenki-krotkie","9":"product_tag-spodenki-rozowe","11":"first","12":"instock","13":"shipping-taxable","14":"purchasable","15":"product-type-variable","16":"add-to-wishlist-before_image"},"aioseo_notices":[],"_links":{"self":[{"href":"https:\/\/maimi-collection.pl\/en\/wp-json\/wp\/v2\/product\/22721","targetHints":{"allow":["GET"]}}],"collection":[{"href":"https:\/\/maimi-collection.pl\/en\/wp-json\/wp\/v2\/product"}],"about":[{"href":"https:\/\/maimi-collection.pl\/en\/wp-json\/wp\/v2\/types\/product"}],"replies":[{"embeddable":true,"href":"https:\/\/maimi-collection.pl\/en\/wp-json\/wp\/v2\/comments?post=22721"}],"wp:featuredmedia":[{"embeddable":true,"href":"https:\/\/maimi-collection.pl\/en\/wp-json\/wp\/v2\/media\/22789"}],"wp:attachment":[{"href":"https:\/\/maimi-collection.pl\/en\/wp-json\/wp\/v2\/media?parent=22721"}],"wp:term":[{"taxonomy":"product_cat","embeddable":true,"href":"https:\/\/maimi-collection.pl\/en\/wp-json\/wp\/v2\/product_cat?post=22721"},{"taxonomy":"product_tag","embeddable":true,"href":"https:\/\/maimi-collection.pl\/en\/wp-json\/wp\/v2\/product_tag?post=22721"}],"curies":[{"name":"wp","href":"https:\/\/api.w.org\/{rel}","templated":true}]}}