{"id":22714,"date":"2024-08-29T18:55:14","date_gmt":"2024-08-29T16:55:14","guid":{"rendered":"https:\/\/maimi-collection.pl\/?post_type=product&#038;p=22714"},"modified":"2024-09-09T18:02:34","modified_gmt":"2024-09-09T16:02:34","slug":"bluzka-tori","status":"publish","type":"product","link":"https:\/\/maimi-collection.pl\/en\/product\/bluzka-tori\/","title":{"rendered":"Bluzka Tori"},"content":{"rendered":"<div class=\"flex-shrink-0 flex flex-col relative items-end\">\n<div>\n<div class=\"pt-0\">\n<div class=\"gizmo-bot-avatar flex h-8 w-8 items-center justify-center overflow-hidden rounded-full\">\n<div class=\"relative p-1 rounded-sm flex items-center justify-center bg-token-main-surface-primary text-token-text-primary h-8 w-8\">Bluzka <strong>Tori<\/strong> to wyj\u0105tkowy element garderoby, kt\u00f3ry \u0142\u0105czy w sobie elegancj\u0119 i wygod\u0119. Wykonana zosta\u0142a\u00a0 z wysokogatunkowej satyny, charakteryzuje si\u0119 przepi\u0119knymi, szerokimi r\u0119kawami, kt\u00f3re nadaj\u0105 jej subtelnego i eleganckiego charakteru. Dzi\u0119ki zastosowaniu gumy w g\u00f3rnej i dolnej cz\u0119\u015bci topu, bluzka idealnie dopasowuje si\u0119 do sylwetki, zapewniaj\u0105c komfort noszenia przez ca\u0142y dzie\u0144.<\/div>\n<div><\/div>\n<div class=\"relative p-1 rounded-sm flex items-center justify-center bg-token-main-surface-primary text-token-text-primary h-8 w-8\">Delikatne falbanki dodaj\u0105 jej kobieco\u015bci, tworz\u0105c lekki, romantyczny efekt. Wielbicielki zwierz\u0119cych print\u00f3w z pewno\u015bci\u0105 poczuj\u0105 si\u0119 w niej wyj\u0105tkowo. Bluzka Tori \u015bwietnie komponuje si\u0119 r\u00f3wnie\u017c z innymi produktami z naszej kolekcji, tworz\u0105c stylowe komplety zar\u00f3wno ze spodniami, jak i spodenkami.<\/div>\n<\/div>\n<\/div>\n<\/div>\n<div>\n<p>Bluzka wyst\u0119puje w dw\u00f3ch rozmiarach\u00a0 XS\/S oraz M\/L.<\/p>\n<p>Wymiary:<br \/>\nXS\/S<\/p>\n<p>Obw\u00f3d biustu 84 cm<br \/>\nObw\u00f3d talii 68 cm<br \/>\nD\u0142ugo\u015b\u0107 topu 28 cm<br \/>\nD\u0142ugo\u015b\u0107 r\u0119kawa 62 cm<\/p>\n<\/div>\n<\/div>\n<div>M\/L<\/div>\n<div>Obw\u00f3d biustu 88 cm<br \/>\nObw\u00f3d talii 72 cm<br \/>\nD\u0142ugo\u015b\u0107 topu 30 cm<br \/>\nD\u0142ugo\u015b\u0107 r\u0119kawa 63 cm<\/div>","protected":false},"excerpt":{"rendered":"<p>Bluzka Tori to wyj\u0105tkowy element garderoby, kt\u00f3ry \u0142\u0105czy w sobie elegancj\u0119 i wygod\u0119. Wykonana zosta\u0142a\u00a0 z wysokogatunkowej satyny, charakteryzuje si\u0119 przepi\u0119knymi, szerokimi r\u0119kawami, kt\u00f3re nadaj\u0105 jej subtelnego i eleganckiego charakteru. Dzi\u0119ki zastosowaniu gumy w g\u00f3rnej i dolnej cz\u0119\u015bci topu, bluzka idealnie dopasowuje si\u0119 do sylwetki, zapewniaj\u0105c komfort noszenia przez ca\u0142y dzie\u0144. Delikatne falbanki dodaj\u0105 jej [&hellip;]<\/p>","protected":false},"featured_media":22742,"comment_status":"closed","ping_status":"closed","template":"","meta":{"_monsterinsights_skip_tracking":false,"_monsterinsights_sitenote_active":false,"_monsterinsights_sitenote_note":"","_monsterinsights_sitenote_category":0},"product_cat":[26,21],"product_tag":[237,238],"class_list":{"0":"post-22714","1":"product","2":"type-product","3":"status-publish","4":"has-post-thumbnail","6":"product_cat-bestseller","7":"product_cat-bluzki","8":"product_tag-bluzka-hiszpanka","9":"product_tag-bluzka-panterka","11":"first","12":"instock","13":"shipping-taxable","14":"purchasable","15":"product-type-variable","16":"add-to-wishlist-before_image"},"aioseo_notices":[],"_links":{"self":[{"href":"https:\/\/maimi-collection.pl\/en\/wp-json\/wp\/v2\/product\/22714","targetHints":{"allow":["GET"]}}],"collection":[{"href":"https:\/\/maimi-collection.pl\/en\/wp-json\/wp\/v2\/product"}],"about":[{"href":"https:\/\/maimi-collection.pl\/en\/wp-json\/wp\/v2\/types\/product"}],"replies":[{"embeddable":true,"href":"https:\/\/maimi-collection.pl\/en\/wp-json\/wp\/v2\/comments?post=22714"}],"wp:featuredmedia":[{"embeddable":true,"href":"https:\/\/maimi-collection.pl\/en\/wp-json\/wp\/v2\/media\/22742"}],"wp:attachment":[{"href":"https:\/\/maimi-collection.pl\/en\/wp-json\/wp\/v2\/media?parent=22714"}],"wp:term":[{"taxonomy":"product_cat","embeddable":true,"href":"https:\/\/maimi-collection.pl\/en\/wp-json\/wp\/v2\/product_cat?post=22714"},{"taxonomy":"product_tag","embeddable":true,"href":"https:\/\/maimi-collection.pl\/en\/wp-json\/wp\/v2\/product_tag?post=22714"}],"curies":[{"name":"wp","href":"https:\/\/api.w.org\/{rel}","templated":true}]}}