{"id":22668,"date":"2024-08-24T01:08:03","date_gmt":"2024-08-23T23:08:03","guid":{"rendered":"https:\/\/maimi-collection.pl\/?post_type=product&#038;p=22668"},"modified":"2024-08-26T00:50:19","modified_gmt":"2024-08-25T22:50:19","slug":"top-amai-beige","status":"publish","type":"product","link":"https:\/\/maimi-collection.pl\/en\/product\/top-amai-beige\/","title":{"rendered":"Top Amai Beige"},"content":{"rendered":"<p>Top <strong>Amai<\/strong> w kolorze be\u017cowym zachwyca swoj\u0105 wszechstronno\u015bci\u0105 i dopasowaniem do sylwetki. Dzi\u0119ki wi\u0105zaniu w biu\u015bcie mo\u017cna go idealnie dostosowa\u0107 do w\u0142asnych kszta\u0142t\u00f3w, podkre\u015blaj\u0105c atuty figury. Wi\u0105zane rami\u0105czka zapewniaj\u0105 nie tylko komfort noszenia, ale tak\u017ce dodaj\u0105 subtelnej elegancji. Wygodna gumka na dole sprawia, \u017ce top przylega do cia\u0142a, podkre\u015blaj\u0105c tali\u0119.<\/p>\n<p>D\u0142ugie rami\u0105czka nadaj\u0105 mu niepowtarzalnego charakteru, pozwalaj\u0105c na r\u00f3\u017cnorodne sposoby ich wi\u0105zania \u2013 zar\u00f3wno na p\u0142asko, jak i w formie kokard, co dodaje stylizacji unikalnego uroku.<\/p>\n<p>Jako produkt z serii resort wear, top Amai sprawdzi si\u0119 nie tylko podczas wakacyjnych wyjazd\u00f3w, ale tak\u017ce jako idealny element codziennych stylizacji, kt\u00f3ry doda ka\u017cdej z nich \u015bwie\u017co\u015bci i elegancji. Pasuje doskonale do innych naszych produkt\u00f3w, umo\u017cliwiaj\u0105c tworzenie wyj\u0105tkowych zestaw\u00f3w na r\u00f3\u017cne okazje. Top dost\u0119pny jest w r\u00f3\u017cnych wersjach kolorystycznych.<\/p>\n<p>Top wyst\u0119puje w dw\u00f3ch wersjach\u00a0 rozmiarowych XS\/S oraz M\/L.<\/p>\n<p>Wymiary:<br \/>\nRozmiar XS\/S<\/p>\n<p>Obw\u00f3d biustu 86 cm<br \/>\nObw\u00f3d talii 68 cm<br \/>\nD\u0142ugo\u015b\u0107 26 cm<\/p>\n<p>Rozmiar M\/L<\/p>\n<p>Obw\u00f3d biustu 92 cm<br \/>\nObw\u00f3d talii 72 cm<br \/>\nD\u0142ugo\u015b\u0107 27 cm<\/p>","protected":false},"excerpt":{"rendered":"<p>Top Amai w kolorze be\u017cowym zachwyca swoj\u0105 wszechstronno\u015bci\u0105 i dopasowaniem do sylwetki. Dzi\u0119ki wi\u0105zaniu w biu\u015bcie mo\u017cna go idealnie dostosowa\u0107 do w\u0142asnych kszta\u0142t\u00f3w, podkre\u015blaj\u0105c atuty figury. Wi\u0105zane rami\u0105czka zapewniaj\u0105 nie tylko komfort noszenia, ale tak\u017ce dodaj\u0105 subtelnej elegancji. Wygodna gumka na dole sprawia, \u017ce top przylega do cia\u0142a, podkre\u015blaj\u0105c tali\u0119. D\u0142ugie rami\u0105czka nadaj\u0105 mu niepowtarzalnego [&hellip;]<\/p>","protected":false},"featured_media":22692,"comment_status":"closed","ping_status":"closed","template":"","meta":{"_monsterinsights_skip_tracking":false,"_monsterinsights_sitenote_active":false,"_monsterinsights_sitenote_note":"","_monsterinsights_sitenote_category":0},"product_cat":[30,205],"product_tag":[],"class_list":{"0":"post-22668","1":"product","2":"type-product","3":"status-publish","4":"has-post-thumbnail","6":"product_cat-komplety","7":"product_cat-topy","9":"first","10":"instock","11":"shipping-taxable","12":"purchasable","13":"product-type-variable","14":"add-to-wishlist-before_image"},"aioseo_notices":[],"_links":{"self":[{"href":"https:\/\/maimi-collection.pl\/en\/wp-json\/wp\/v2\/product\/22668","targetHints":{"allow":["GET"]}}],"collection":[{"href":"https:\/\/maimi-collection.pl\/en\/wp-json\/wp\/v2\/product"}],"about":[{"href":"https:\/\/maimi-collection.pl\/en\/wp-json\/wp\/v2\/types\/product"}],"replies":[{"embeddable":true,"href":"https:\/\/maimi-collection.pl\/en\/wp-json\/wp\/v2\/comments?post=22668"}],"wp:featuredmedia":[{"embeddable":true,"href":"https:\/\/maimi-collection.pl\/en\/wp-json\/wp\/v2\/media\/22692"}],"wp:attachment":[{"href":"https:\/\/maimi-collection.pl\/en\/wp-json\/wp\/v2\/media?parent=22668"}],"wp:term":[{"taxonomy":"product_cat","embeddable":true,"href":"https:\/\/maimi-collection.pl\/en\/wp-json\/wp\/v2\/product_cat?post=22668"},{"taxonomy":"product_tag","embeddable":true,"href":"https:\/\/maimi-collection.pl\/en\/wp-json\/wp\/v2\/product_tag?post=22668"}],"curies":[{"name":"wp","href":"https:\/\/api.w.org\/{rel}","templated":true}]}}