{"id":22648,"date":"2024-08-23T19:55:34","date_gmt":"2024-08-23T17:55:34","guid":{"rendered":"https:\/\/maimi-collection.pl\/?post_type=product&#038;p=22648"},"modified":"2024-08-24T01:13:03","modified_gmt":"2024-08-23T23:13:03","slug":"spodnie-neko-beige","status":"publish","type":"product","link":"https:\/\/maimi-collection.pl\/en\/product\/spodnie-neko-beige\/","title":{"rendered":"Spodnie Neko Beige"},"content":{"rendered":"<p>Nasze spodnie <strong>Neko<\/strong> to po\u0142\u0105czenie wygody i elegancji w nowoczesnym wydaniu. Wykonane z wysokiej jako\u015bci\u00a0 materia\u0142u, zapewniaj\u0105 komfort przez ca\u0142y dzie\u0144, nie rezygnuj\u0105c przy tym ze stylu. Szerokie nogawki i delikatny be\u017cowy kolor z subtelnym wzorem panterki nadaj\u0105 im wyrafinowanego charakteru, kt\u00f3ry doskonale sprawdzi si\u0119 zar\u00f3wno na co dzie\u0144, jak i na bardziej formalne okazje.<\/p>\n<p>Pants <strong>Neko<\/strong> \u015bwietnie komponuj\u0105 si\u0119 z nasz\u0105 koszul\u0105 Shikku, topem lub bluzk\u0105, tworz\u0105c wyj\u0105tkowy, modny look. Ich wszechstronno\u015b\u0107 pozwala na tworzenie r\u00f3\u017cnorodnych stylizacji, kt\u00f3re podkre\u015bl\u0105 Twoj\u0105 osobowo\u015b\u0107 i dodadz\u0105 pewno\u015bci siebie. Dzi\u0119ki starannie dobranemu materia\u0142owi, spodnie te zapewni\u0105 Ci nie tylko stylowy wygl\u0105d, ale tak\u017ce komfort noszenia przez ca\u0142y dzie\u0144. Wybieraj\u0105c <strong>Neko<\/strong>, zyskujesz pewno\u015b\u0107, \u017ce b\u0119dziesz wygl\u0105da\u0107 ol\u015bniewaj\u0105co w ka\u017cdej sytuacji.<\/p>\n<p>Spodnie wyst\u0119puj\u0105 w dw\u00f3ch wersjach rozmiarowych.<\/p>\n<p>Wymiary:<\/p>\n<p>XS\/S<\/p>\n<p>Obw\u00f3d w pasie 68 cm<br \/>\nObw\u00f3d w biodrach 94cm<br \/>\nD\u0142ugo\u015b\u0107 ca\u0142kowita 106cm<\/p>\n<p>M\/L<\/p>\n<p>Obw\u00f3d w pasie 72 cm<br \/>\nObw\u00f3d w biodrach 97cm<br \/>\nD\u0142ugo\u015b\u0107 ca\u0142kowita 107cm<\/p>","protected":false},"excerpt":{"rendered":"<p>Nasze spodnie Neko to po\u0142\u0105czenie wygody i elegancji w nowoczesnym wydaniu. Wykonane z wysokiej jako\u015bci\u00a0 materia\u0142u, zapewniaj\u0105 komfort przez ca\u0142y dzie\u0144, nie rezygnuj\u0105c przy tym ze stylu. Szerokie nogawki i delikatny be\u017cowy kolor z subtelnym wzorem panterki nadaj\u0105 im wyrafinowanego charakteru, kt\u00f3ry doskonale sprawdzi si\u0119 zar\u00f3wno na co dzie\u0144, jak i na bardziej formalne okazje. [&hellip;]<\/p>","protected":false},"featured_media":22653,"comment_status":"closed","ping_status":"closed","template":"","meta":{"_monsterinsights_skip_tracking":false,"_monsterinsights_sitenote_active":false,"_monsterinsights_sitenote_note":"","_monsterinsights_sitenote_category":0},"product_cat":[210],"product_tag":[],"class_list":{"0":"post-22648","1":"product","2":"type-product","3":"status-publish","4":"has-post-thumbnail","6":"product_cat-spodnie","8":"first","9":"instock","10":"shipping-taxable","11":"purchasable","12":"product-type-variable","13":"add-to-wishlist-before_image"},"aioseo_notices":[],"_links":{"self":[{"href":"https:\/\/maimi-collection.pl\/en\/wp-json\/wp\/v2\/product\/22648","targetHints":{"allow":["GET"]}}],"collection":[{"href":"https:\/\/maimi-collection.pl\/en\/wp-json\/wp\/v2\/product"}],"about":[{"href":"https:\/\/maimi-collection.pl\/en\/wp-json\/wp\/v2\/types\/product"}],"replies":[{"embeddable":true,"href":"https:\/\/maimi-collection.pl\/en\/wp-json\/wp\/v2\/comments?post=22648"}],"wp:featuredmedia":[{"embeddable":true,"href":"https:\/\/maimi-collection.pl\/en\/wp-json\/wp\/v2\/media\/22653"}],"wp:attachment":[{"href":"https:\/\/maimi-collection.pl\/en\/wp-json\/wp\/v2\/media?parent=22648"}],"wp:term":[{"taxonomy":"product_cat","embeddable":true,"href":"https:\/\/maimi-collection.pl\/en\/wp-json\/wp\/v2\/product_cat?post=22648"},{"taxonomy":"product_tag","embeddable":true,"href":"https:\/\/maimi-collection.pl\/en\/wp-json\/wp\/v2\/product_tag?post=22648"}],"curies":[{"name":"wp","href":"https:\/\/api.w.org\/{rel}","templated":true}]}}