{"id":22639,"date":"2024-08-23T17:43:13","date_gmt":"2024-08-23T15:43:13","guid":{"rendered":"https:\/\/maimi-collection.pl\/?post_type=product&#038;p=22639"},"modified":"2024-08-23T19:11:34","modified_gmt":"2024-08-23T17:11:34","slug":"dlugie-spodnie-neko","status":"publish","type":"product","link":"https:\/\/maimi-collection.pl\/en\/product\/dlugie-spodnie-neko\/","title":{"rendered":"Spodnie Neko"},"content":{"rendered":"<p>Odkryj nasze <strong>spodnie Neko<\/strong> \u2013 po\u0142\u0105czenie wygody i stylu w najlepszym wydaniu. Te szerokie, lu\u017ane spodnie o wyj\u0105tkowym, panterkowym wzorze s\u0105 idealnym wyborem na ka\u017cd\u0105 okazj\u0119. Ich uniwersalny design sprawia, \u017ce doskonale komponuj\u0105 si\u0119 z nasz\u0105 koszul\u0105 Shikku, topem lub bluzk\u0105, tworz\u0105c wyj\u0105tkowy look, kt\u00f3ry podkre\u015bli Tw\u00f3j indywidualny styl. Wykonane z niezwykle wygodnego materia\u0142u, zapewniaj\u0105 nie tylko niepowtarzalny wygl\u0105d, ale tak\u017ce komfort noszenia przez ca\u0142y dzie\u0144. Spodnie Neko to gwarancja, \u017ce poczujesz si\u0119 i b\u0119dziesz wygl\u0105da\u0107 wyj\u0105tkowo.<\/p>\n<p>Spodnie wyst\u0119puj\u0105 w dw\u00f3ch wersjach rozmiarowych.<\/p>\n<p>Wymiary:<\/p>\n<p>XS\/S<\/p>\n<p>Obw\u00f3d w pasie 68 cm<br \/>\nObw\u00f3d w biodrach 94cm<br \/>\nD\u0142ugo\u015b\u0107 ca\u0142kowita 106cm<\/p>\n<p>M\/L<\/p>\n<p>Obw\u00f3d w pasie 72 cm<br \/>\nObw\u00f3d w biodrach 97cm<br \/>\nD\u0142ugo\u015b\u0107 ca\u0142kowita 107cm<\/p>","protected":false},"excerpt":{"rendered":"<p>Odkryj nasze spodnie Neko \u2013 po\u0142\u0105czenie wygody i stylu w najlepszym wydaniu. Te szerokie, lu\u017ane spodnie o wyj\u0105tkowym, panterkowym wzorze s\u0105 idealnym wyborem na ka\u017cd\u0105 okazj\u0119. Ich uniwersalny design sprawia, \u017ce doskonale komponuj\u0105 si\u0119 z nasz\u0105 koszul\u0105 Shikku, topem lub bluzk\u0105, tworz\u0105c wyj\u0105tkowy look, kt\u00f3ry podkre\u015bli Tw\u00f3j indywidualny styl. Wykonane z niezwykle wygodnego materia\u0142u, zapewniaj\u0105 [&hellip;]<\/p>","protected":false},"featured_media":22645,"comment_status":"closed","ping_status":"closed","template":"","meta":{"_monsterinsights_skip_tracking":false,"_monsterinsights_sitenote_active":false,"_monsterinsights_sitenote_note":"","_monsterinsights_sitenote_category":0},"product_cat":[26,210],"product_tag":[],"class_list":{"0":"post-22639","1":"product","2":"type-product","3":"status-publish","4":"has-post-thumbnail","6":"product_cat-bestseller","7":"product_cat-spodnie","9":"first","10":"instock","11":"shipping-taxable","12":"purchasable","13":"product-type-variable","14":"add-to-wishlist-before_image"},"aioseo_notices":[],"_links":{"self":[{"href":"https:\/\/maimi-collection.pl\/en\/wp-json\/wp\/v2\/product\/22639","targetHints":{"allow":["GET"]}}],"collection":[{"href":"https:\/\/maimi-collection.pl\/en\/wp-json\/wp\/v2\/product"}],"about":[{"href":"https:\/\/maimi-collection.pl\/en\/wp-json\/wp\/v2\/types\/product"}],"replies":[{"embeddable":true,"href":"https:\/\/maimi-collection.pl\/en\/wp-json\/wp\/v2\/comments?post=22639"}],"wp:featuredmedia":[{"embeddable":true,"href":"https:\/\/maimi-collection.pl\/en\/wp-json\/wp\/v2\/media\/22645"}],"wp:attachment":[{"href":"https:\/\/maimi-collection.pl\/en\/wp-json\/wp\/v2\/media?parent=22639"}],"wp:term":[{"taxonomy":"product_cat","embeddable":true,"href":"https:\/\/maimi-collection.pl\/en\/wp-json\/wp\/v2\/product_cat?post=22639"},{"taxonomy":"product_tag","embeddable":true,"href":"https:\/\/maimi-collection.pl\/en\/wp-json\/wp\/v2\/product_tag?post=22639"}],"curies":[{"name":"wp","href":"https:\/\/api.w.org\/{rel}","templated":true}]}}