{"id":22631,"date":"2024-08-23T00:18:38","date_gmt":"2024-08-22T22:18:38","guid":{"rendered":"https:\/\/maimi-collection.pl\/?post_type=product&#038;p=22631"},"modified":"2024-08-23T19:11:10","modified_gmt":"2024-08-23T17:11:10","slug":"sukienka-shiro","status":"publish","type":"product","link":"https:\/\/maimi-collection.pl\/en\/product\/sukienka-shiro\/","title":{"rendered":"Sukienka Shiro"},"content":{"rendered":"<p>Sukienka Shiro to wyj\u0105tkowo uroczy model, kt\u00f3ry zachwyca swoj\u0105 lekko\u015bci\u0105 i delikatno\u015bci\u0105. Wykonana z przewiewnego, lekkiego materia\u0142u, idealnie sprawdzi si\u0119 podczas ciep\u0142ych letnich dni. Sukienka ma subtelny, kwiecisty wz\u00f3r, kt\u00f3ry nadaje jej romantycznego charakteru, doskonale wpisuj\u0105c si\u0119 w atmosfer\u0119 letnich kolacji czy wakacyjnych spacer\u00f3w.<\/p>\n<p>Model ten charakteryzuje si\u0119 kr\u00f3tkimi, bufiastymi r\u0119kawkami, kt\u00f3re dodaj\u0105 ca\u0142o\u015bci wdzi\u0119ku i lekko\u015bci. Dzi\u0119ki elastycznym gumkom, sukienka idealnie dopasowuje si\u0119 do sylwetki, podkre\u015blaj\u0105c jej atuty i zapewniaj\u0105c komfort noszenia. Ta delikatna, kobieca sukienka nie tylko sprawi, \u017ce poczujesz si\u0119 wyj\u0105tkowo, ale tak\u017ce subtelnie podkre\u015bli twoj\u0105 urod\u0119, dodaj\u0105c ci wdzi\u0119ku i \u015bwie\u017co\u015bci.<\/p>\n<div>Wymiary:<br \/>\nSukienka posiada wszyte gumy, dzi\u0119ki temu jest bardzo elastyczna i dopasowuje si\u0119 do sylwetki.<br \/>\nWyst\u0119puje w dw\u00f3ch rozmiarach XS\/S oraz M\/L.<\/div>\n<div><\/div>\n<div>Rozmiar XS\/S<\/div>\n<div>Obw\u00f3d biustu &#8211; 88 cm<br \/>\nObw\u00f3d talii &#8211; 64 cm<br \/>\nD\u0142ugo\u015b\u0107 ca\u0142kowita 64 cm<\/div>\n<div><\/div>\n<div>Rozmiar M\/L<br \/>\nObw\u00f3d biustu &#8211; 96 cm<br \/>\nObw\u00f3d talii &#8211; 72 cm<br \/>\nD\u0142ugo\u015b\u0107 ca\u0142kowita 71 cm<\/div>","protected":false},"excerpt":{"rendered":"<p>Sukienka Shiro to wyj\u0105tkowo uroczy model, kt\u00f3ry zachwyca swoj\u0105 lekko\u015bci\u0105 i delikatno\u015bci\u0105. Wykonana z przewiewnego, lekkiego materia\u0142u, idealnie sprawdzi si\u0119 podczas ciep\u0142ych letnich dni. Sukienka ma subtelny, kwiecisty wz\u00f3r, kt\u00f3ry nadaje jej romantycznego charakteru, doskonale wpisuj\u0105c si\u0119 w atmosfer\u0119 letnich kolacji czy wakacyjnych spacer\u00f3w. Model ten charakteryzuje si\u0119 kr\u00f3tkimi, bufiastymi r\u0119kawkami, kt\u00f3re dodaj\u0105 ca\u0142o\u015bci wdzi\u0119ku [&hellip;]<\/p>","protected":false},"featured_media":22637,"comment_status":"closed","ping_status":"closed","template":"","meta":{"_monsterinsights_skip_tracking":false,"_monsterinsights_sitenote_active":false,"_monsterinsights_sitenote_note":"","_monsterinsights_sitenote_category":0},"product_cat":[204],"product_tag":[],"class_list":{"0":"post-22631","1":"product","2":"type-product","3":"status-publish","4":"has-post-thumbnail","6":"product_cat-sukienki","8":"first","9":"instock","10":"shipping-taxable","11":"purchasable","12":"product-type-variable","13":"add-to-wishlist-before_image"},"aioseo_notices":[],"_links":{"self":[{"href":"https:\/\/maimi-collection.pl\/en\/wp-json\/wp\/v2\/product\/22631","targetHints":{"allow":["GET"]}}],"collection":[{"href":"https:\/\/maimi-collection.pl\/en\/wp-json\/wp\/v2\/product"}],"about":[{"href":"https:\/\/maimi-collection.pl\/en\/wp-json\/wp\/v2\/types\/product"}],"replies":[{"embeddable":true,"href":"https:\/\/maimi-collection.pl\/en\/wp-json\/wp\/v2\/comments?post=22631"}],"wp:featuredmedia":[{"embeddable":true,"href":"https:\/\/maimi-collection.pl\/en\/wp-json\/wp\/v2\/media\/22637"}],"wp:attachment":[{"href":"https:\/\/maimi-collection.pl\/en\/wp-json\/wp\/v2\/media?parent=22631"}],"wp:term":[{"taxonomy":"product_cat","embeddable":true,"href":"https:\/\/maimi-collection.pl\/en\/wp-json\/wp\/v2\/product_cat?post=22631"},{"taxonomy":"product_tag","embeddable":true,"href":"https:\/\/maimi-collection.pl\/en\/wp-json\/wp\/v2\/product_tag?post=22631"}],"curies":[{"name":"wp","href":"https:\/\/api.w.org\/{rel}","templated":true}]}}