{"id":22612,"date":"2024-08-22T23:25:46","date_gmt":"2024-08-22T21:25:46","guid":{"rendered":"https:\/\/maimi-collection.pl\/?post_type=product&#038;p=22612"},"modified":"2024-08-23T00:17:47","modified_gmt":"2024-08-22T22:17:47","slug":"sukienka-pansa","status":"publish","type":"product","link":"https:\/\/maimi-collection.pl\/en\/product\/sukienka-pansa\/","title":{"rendered":"Sukienka Pansa"},"content":{"rendered":"<div>Sukienka Pansa to wyj\u0105tkowa kreacja, kt\u00f3ra \u0142\u0105czy w sobie dziko\u015b\u0107 natury i subteln\u0105 elegancj\u0119.<\/div>\n<div>Wykonana z najwy\u017cszej jako\u015bci satyny oraz delikatnej organzy, zachwyca swoj\u0105 lekko\u015bci\u0105.<\/div>\n<div>Zwierz\u0119cy, panterkowy wz\u00f3r dodaje jej wyrazisto\u015bci i charakteru, podkre\u015blaj\u0105c odwa\u017cny styl nosz\u0105cej j\u0105 kobiety. Szerokie r\u0119kawy, fason z wyci\u0119ciem na plecach sprawia, \u017ce ca\u0142o\u015b\u0107 zyskuje zmys\u0142owy, romantyczny ale zarazem subtelny wygl\u0105d.<\/div>\n<div>Dzi\u0119ki wszytym gumkom model idealnie dostosowuje si\u0119 do sylwetki. To idealny wyb\u00f3r nie tylko na wieczorne wyj\u015bcia, kiedy chcesz poczu\u0107 si\u0119 pewnie i niezwykle kobieco, ale r\u00f3wnie\u017c na letni wakacyjny spacer.<\/div>\n<div><\/div>\n<div>Wymiary:<br \/>\nSukienka posiada wszyte gumy, dzi\u0119ki temu jest bardzo elastyczna i dopasowuje si\u0119 do sylwetki.<br \/>\nWyst\u0119puje w dw\u00f3ch rozmiarach XS\/S oraz M\/L.<\/div>\n<div><\/div>\n<div>Rozmiar XS\/S<\/div>\n<div>Obw\u00f3d biustu &#8211; 90 cm<br \/>\nObw\u00f3d talii &#8211; 68 cm<br \/>\nD\u0142ugo\u015b\u0107 ca\u0142kowita 64 cm<br \/>\nD\u0142ugo\u015b\u0107 r\u0119kawa 60<\/div>\n<div><\/div>\n<div>Rozmiar M\/L<br \/>\nObw\u00f3d biustu &#8211; 96 cm<br \/>\nObw\u00f3d talii &#8211; 72 cm<br \/>\nD\u0142ugo\u015b\u0107 ca\u0142kowita 71 cm<br \/>\nD\u0142ugo\u015b\u0107 r\u0119kawa 61<\/div>","protected":false},"excerpt":{"rendered":"<p>Sukienka Pansa to wyj\u0105tkowa kreacja, kt\u00f3ra \u0142\u0105czy w sobie dziko\u015b\u0107 natury i subteln\u0105 elegancj\u0119. Wykonana z najwy\u017cszej jako\u015bci satyny oraz delikatnej organzy, zachwyca swoj\u0105 lekko\u015bci\u0105. Zwierz\u0119cy, panterkowy wz\u00f3r dodaje jej wyrazisto\u015bci i charakteru, podkre\u015blaj\u0105c odwa\u017cny styl nosz\u0105cej j\u0105 kobiety. Szerokie r\u0119kawy, fason z wyci\u0119ciem na plecach sprawia, \u017ce ca\u0142o\u015b\u0107 zyskuje zmys\u0142owy, romantyczny ale zarazem subtelny [&hellip;]<\/p>","protected":false},"featured_media":22613,"comment_status":"closed","ping_status":"closed","template":"","meta":{"_monsterinsights_skip_tracking":false,"_monsterinsights_sitenote_active":false,"_monsterinsights_sitenote_note":"","_monsterinsights_sitenote_category":0},"product_cat":[26,204],"product_tag":[],"class_list":{"0":"post-22612","1":"product","2":"type-product","3":"status-publish","4":"has-post-thumbnail","6":"product_cat-bestseller","7":"product_cat-sukienki","9":"first","10":"instock","11":"shipping-taxable","12":"purchasable","13":"product-type-variable","14":"add-to-wishlist-before_image"},"aioseo_notices":[],"_links":{"self":[{"href":"https:\/\/maimi-collection.pl\/en\/wp-json\/wp\/v2\/product\/22612","targetHints":{"allow":["GET"]}}],"collection":[{"href":"https:\/\/maimi-collection.pl\/en\/wp-json\/wp\/v2\/product"}],"about":[{"href":"https:\/\/maimi-collection.pl\/en\/wp-json\/wp\/v2\/types\/product"}],"replies":[{"embeddable":true,"href":"https:\/\/maimi-collection.pl\/en\/wp-json\/wp\/v2\/comments?post=22612"}],"wp:featuredmedia":[{"embeddable":true,"href":"https:\/\/maimi-collection.pl\/en\/wp-json\/wp\/v2\/media\/22613"}],"wp:attachment":[{"href":"https:\/\/maimi-collection.pl\/en\/wp-json\/wp\/v2\/media?parent=22612"}],"wp:term":[{"taxonomy":"product_cat","embeddable":true,"href":"https:\/\/maimi-collection.pl\/en\/wp-json\/wp\/v2\/product_cat?post=22612"},{"taxonomy":"product_tag","embeddable":true,"href":"https:\/\/maimi-collection.pl\/en\/wp-json\/wp\/v2\/product_tag?post=22612"}],"curies":[{"name":"wp","href":"https:\/\/api.w.org\/{rel}","templated":true}]}}