{"id":22595,"date":"2024-08-22T15:21:47","date_gmt":"2024-08-22T13:21:47","guid":{"rendered":"https:\/\/maimi-collection.pl\/?post_type=product&#038;p=22595"},"modified":"2024-08-24T01:13:52","modified_gmt":"2024-08-23T23:13:52","slug":"koszula-shikku-beige","status":"publish","type":"product","link":"https:\/\/maimi-collection.pl\/en\/product\/koszula-shikku-beige\/","title":{"rendered":"Koszula Shikku Beige"},"content":{"rendered":"<div>Niepowtarzalna koszula <span class=\"Y2IQFc\">Shikku <\/span>z kolekcji Resort Wear, kt\u00f3ra \u0142\u0105czy w sobie nowoczesny design z niepowtarzalnym stylem. Stworzona z my\u015bl\u0105 o Tobie, aby\u015b ka\u017cdego dnia czu\u0142a si\u0119 wyj\u0105tkowa, nasza koszula wyr\u00f3\u017cnia si\u0119 unikatowym materia\u0142em.\u0119. Wiod\u0105cym wzorem jest elegancka panterka, dost\u0119pna w dw\u00f3ch stylowych wersjach kolorystycznych: klasyczny be\u017c oraz wersja w odcieniach br\u0105zu, czerni i bieli.<\/div>\n<p>Koszula zosta\u0142a uszyta z dba\u0142o\u015bci\u0105 o ka\u017cdy detal. Lu\u017any r\u0119kaw zapewnia niebywa\u0142y komfort noszenia, a z\u0142ote guziki dodaj\u0105 ca\u0142o\u015bci szyku i wyrafinowania. To idealny wyb\u00f3r na co dzie\u0144, kiedy chcesz czu\u0107 si\u0119 wygodnie i stylowo, a jednocze\u015bnie wspaniale sprawdzi si\u0119 podczas wakacyjnych wypad\u00f3w, przykuwaj\u0105c uwag\u0119 swoim niebanalnym fasonem.<\/p>\n<p>Nasza kolekcja Resort Wear to po\u0142\u0105czenie wygody i elegancji, stworzone z my\u015bl\u0105 o Tobie. Ka\u017cdy element koszuli zosta\u0142 zaprojektowany tak, aby\u015b czu\u0142a si\u0119 pewna siebie i wyj\u0105tkowa, niezale\u017cnie od okazji.<\/p>","protected":false},"excerpt":{"rendered":"<p>Niepowtarzalna koszula Shikku z kolekcji Resort Wear, kt\u00f3ra \u0142\u0105czy w sobie nowoczesny design z niepowtarzalnym stylem. Stworzona z my\u015bl\u0105 o Tobie, aby\u015b ka\u017cdego dnia czu\u0142a si\u0119 wyj\u0105tkowa, nasza koszula wyr\u00f3\u017cnia si\u0119 unikatowym materia\u0142em.\u0119. Wiod\u0105cym wzorem jest elegancka panterka, dost\u0119pna w dw\u00f3ch stylowych wersjach kolorystycznych: klasyczny be\u017c oraz wersja w odcieniach br\u0105zu, czerni i bieli. Koszula [&hellip;]<\/p>","protected":false},"featured_media":22594,"comment_status":"closed","ping_status":"closed","template":"","meta":{"_monsterinsights_skip_tracking":false,"_monsterinsights_sitenote_active":false,"_monsterinsights_sitenote_note":"","_monsterinsights_sitenote_category":0},"product_cat":[206],"product_tag":[],"class_list":{"0":"post-22595","1":"product","2":"type-product","3":"status-publish","4":"has-post-thumbnail","6":"product_cat-koszule","8":"first","9":"instock","10":"shipping-taxable","11":"purchasable","12":"product-type-variable","13":"add-to-wishlist-before_image"},"aioseo_notices":[],"_links":{"self":[{"href":"https:\/\/maimi-collection.pl\/en\/wp-json\/wp\/v2\/product\/22595","targetHints":{"allow":["GET"]}}],"collection":[{"href":"https:\/\/maimi-collection.pl\/en\/wp-json\/wp\/v2\/product"}],"about":[{"href":"https:\/\/maimi-collection.pl\/en\/wp-json\/wp\/v2\/types\/product"}],"replies":[{"embeddable":true,"href":"https:\/\/maimi-collection.pl\/en\/wp-json\/wp\/v2\/comments?post=22595"}],"wp:featuredmedia":[{"embeddable":true,"href":"https:\/\/maimi-collection.pl\/en\/wp-json\/wp\/v2\/media\/22594"}],"wp:attachment":[{"href":"https:\/\/maimi-collection.pl\/en\/wp-json\/wp\/v2\/media?parent=22595"}],"wp:term":[{"taxonomy":"product_cat","embeddable":true,"href":"https:\/\/maimi-collection.pl\/en\/wp-json\/wp\/v2\/product_cat?post=22595"},{"taxonomy":"product_tag","embeddable":true,"href":"https:\/\/maimi-collection.pl\/en\/wp-json\/wp\/v2\/product_tag?post=22595"}],"curies":[{"name":"wp","href":"https:\/\/api.w.org\/{rel}","templated":true}]}}