{"id":219,"date":"2024-07-26T11:50:40","date_gmt":"2024-07-26T09:50:40","guid":{"rendered":"https:\/\/maimi-collection.pl\/?post_type=product&#038;p=219"},"modified":"2024-08-23T00:20:26","modified_gmt":"2024-08-22T22:20:26","slug":"elegancki-komplet-w-kwiatowy-print-antonina-new-kopia-3","status":"publish","type":"product","link":"https:\/\/maimi-collection.pl\/en\/product\/elegancki-komplet-w-kwiatowy-print-antonina-new-kopia-3\/","title":{"rendered":"Komplet Nomi"},"content":{"rendered":"<div>\n<div>Sp\u00f3dnica oraz top, kt\u00f3ry z pewno\u015bci\u0105 przyci\u0105gnie spojrzenia i podkre\u015bli Tw\u00f3j niepowtarzalny styl. Utrzymany w odwa\u017cnym wzorze r\u00f3\u017cowej panterki zestaw zosta\u0142 stworzony z my\u015bl\u0105 o kobietach, kt\u00f3re nie boj\u0105 si\u0119 wyzwa\u0144 modowych i pragn\u0105 wyr\u00f3\u017cnia\u0107 si\u0119 z t\u0142umu.<\/div>\n<\/div>\n<div><\/div>\n<div>Unikatowy wz\u00f3r zosta\u0142 specjalnie zaprojektowany przez nasz\u0105 mark\u0119. Materia\u0142 zosta\u0142 wyprodukowany przez przez wiod\u0105c\u0105 firm\u0119 na polskim rynku tkanin. Dzi\u0119ki temu masz pewno\u015b\u0107, \u017ce nosisz co\u015b naprawd\u0119 wyj\u0105tkowego.<\/div>\n<div><\/div>\n<div>Top z regulowanymi rami\u0105czkami zapewnia idealne dopasowanie i komfort noszenia, a elastyczna gumka z ty\u0142u dodaje jeszcze wi\u0119kszej wygody. Ca\u0142o\u015b\u0107 dope\u0142nia kokarda na sp\u00f3dnicy, tworz\u0105c sp\u00f3jny i harmonijny look, kt\u00f3ry sprawi, \u017ce poczujesz si\u0119 niezwykle pewna siebie i gotowa na podb\u00f3j \u015bwiata.<\/div>\n<div><\/div>\n<div>\n<div>\n<p>Wymiary:<\/p>\n<\/div>\n<div>Rozmiar S<br \/>\nObw\u00f3d w talii 64 cm<br \/>\nObw\u00f3d bioder 90 cm<\/div>\n<div>Obw\u00f3d biustu 86 cm<br \/>\nD\u0142ugo\u015b\u0107 topu 18,5 cm<br \/>\nD\u0142ugo\u015b\u0107 sp\u00f3dnicy 40 cm<\/div>\n<div>\n<p>Rozmiar M<br \/>\nObw\u00f3d w talii 70 cm<br \/>\nObw\u00f3d bioder 96\u00a0 cm<br \/>\nObw\u00f3d biustu 90 cm<br \/>\nD\u0142ugo\u015b\u0107 topu 19,5 cm<br \/>\nD\u0142ugo\u015b\u0107 sp\u00f3dnicy 41 cm<\/p>\n<\/div>\n<div><\/div>\n<\/div>","protected":false},"excerpt":{"rendered":"<p>Sp\u00f3dnica oraz top, kt\u00f3ry z pewno\u015bci\u0105 przyci\u0105gnie spojrzenia i podkre\u015bli Tw\u00f3j niepowtarzalny styl. Utrzymany w odwa\u017cnym wzorze r\u00f3\u017cowej panterki zestaw zosta\u0142 stworzony z my\u015bl\u0105 o kobietach, kt\u00f3re nie boj\u0105 si\u0119 wyzwa\u0144 modowych i pragn\u0105 wyr\u00f3\u017cnia\u0107 si\u0119 z t\u0142umu. Unikatowy wz\u00f3r zosta\u0142 specjalnie zaprojektowany przez nasz\u0105 mark\u0119. Materia\u0142 zosta\u0142 wyprodukowany przez przez wiod\u0105c\u0105 firm\u0119 na polskim [&hellip;]<\/p>","protected":false},"featured_media":22186,"comment_status":"closed","ping_status":"closed","template":"","meta":{"_monsterinsights_skip_tracking":false,"_monsterinsights_sitenote_active":false,"_monsterinsights_sitenote_note":"","_monsterinsights_sitenote_category":0},"product_cat":[26,30],"product_tag":[218,217,219],"class_list":{"0":"post-219","1":"product","2":"type-product","3":"status-publish","4":"has-post-thumbnail","6":"product_cat-bestseller","7":"product_cat-komplety","8":"product_tag-komplet-spodnica","9":"product_tag-komplety","10":"product_tag-top-kokardy","12":"first","13":"instock","14":"shipping-taxable","15":"purchasable","16":"product-type-variable","17":"add-to-wishlist-before_image"},"aioseo_notices":[],"_links":{"self":[{"href":"https:\/\/maimi-collection.pl\/en\/wp-json\/wp\/v2\/product\/219","targetHints":{"allow":["GET"]}}],"collection":[{"href":"https:\/\/maimi-collection.pl\/en\/wp-json\/wp\/v2\/product"}],"about":[{"href":"https:\/\/maimi-collection.pl\/en\/wp-json\/wp\/v2\/types\/product"}],"replies":[{"embeddable":true,"href":"https:\/\/maimi-collection.pl\/en\/wp-json\/wp\/v2\/comments?post=219"}],"wp:featuredmedia":[{"embeddable":true,"href":"https:\/\/maimi-collection.pl\/en\/wp-json\/wp\/v2\/media\/22186"}],"wp:attachment":[{"href":"https:\/\/maimi-collection.pl\/en\/wp-json\/wp\/v2\/media?parent=219"}],"wp:term":[{"taxonomy":"product_cat","embeddable":true,"href":"https:\/\/maimi-collection.pl\/en\/wp-json\/wp\/v2\/product_cat?post=219"},{"taxonomy":"product_tag","embeddable":true,"href":"https:\/\/maimi-collection.pl\/en\/wp-json\/wp\/v2\/product_tag?post=219"}],"curies":[{"name":"wp","href":"https:\/\/api.w.org\/{rel}","templated":true}]}}