{"id":22303,"date":"2024-08-09T09:49:39","date_gmt":"2024-08-09T07:49:39","guid":{"rendered":"https:\/\/maimi-collection.pl\/?page_id=22303"},"modified":"2024-08-12T21:20:53","modified_gmt":"2024-08-12T19:20:53","slug":"polityka-prywatnosci-2","status":"publish","type":"page","link":"https:\/\/maimi-collection.pl\/en\/polityka-prywatnosci-2\/","title":{"rendered":"Privacy Policy"},"content":{"rendered":"<div data-elementor-type=\"wp-page\" data-elementor-id=\"22303\" class=\"elementor elementor-22303\" data-elementor-post-type=\"page\">\n\t\t\t\t<div class=\"elementor-element elementor-element-8810b25 e-flex e-con-boxed e-con e-parent\" data-id=\"8810b25\" data-element_type=\"container\">\n\t\t\t\t\t<div class=\"e-con-inner\">\n\t\t\t\t<div class=\"elementor-element elementor-element-90cfec8 elementor-widget elementor-widget-text-editor\" data-id=\"90cfec8\" data-element_type=\"widget\" data-widget_type=\"text-editor.default\">\n\t\t\t\t<div class=\"elementor-widget-container\">\n\t\t\t<style>\/*! elementor - v3.23.0 - 23-07-2024 *\/\n.elementor-widget-text-editor.elementor-drop-cap-view-stacked .elementor-drop-cap{background-color:#69727d;color:#fff}.elementor-widget-text-editor.elementor-drop-cap-view-framed .elementor-drop-cap{color:#69727d;border:3px solid;background-color:transparent}.elementor-widget-text-editor:not(.elementor-drop-cap-view-default) .elementor-drop-cap{margin-top:8px}.elementor-widget-text-editor:not(.elementor-drop-cap-view-default) .elementor-drop-cap-letter{width:1em;height:1em}.elementor-widget-text-editor .elementor-drop-cap{float:left;text-align:center;line-height:1;font-size:50px}.elementor-widget-text-editor .elementor-drop-cap-letter{display:inline-block}<\/style>\t\t\t\t<h3>Polityka Prywatno\u015bci Sklepu Internetowego &#8220;MaimiCollection&#8221;<\/h3><h4>I. Postanowienia Og\u00f3lne<\/h4><ol><li>Niniejsza Polityka Prywatno\u015bci okre\u015bla zasady przetwarzania i ochrony danych osobowych przekazanych przez U\u017cytkownik\u00f3w w zwi\u0105zku z korzystaniem przez nich ze sklepu internetowego &#8220;MaimiCollection&#8221;, dost\u0119pnego pod adresem [<a href=\"http:\/\/www.maimicollection.pl\" target=\"_new\" rel=\"noreferrer\">www.maimicollection.pl<\/a>].<\/li><li>Administratorem danych osobowych jest <strong>M Trade Marcin Majewski<\/strong>, z siedzib\u0105 przy Warszawa 04-872,<br \/>Strzyg\u0142owska 52Z\/1, wpisany do rejestru przedsi\u0119biorc\u00f3w pod numerem <strong>NIP:<\/strong>\u00a09512488742, zwany dalej &#8220;Administratorem&#8221;.<\/li><li>Administrator dok\u0142ada wszelkich stara\u0144, aby przetwarzanie danych osobowych odbywa\u0142o si\u0119 zgodnie z obowi\u0105zuj\u0105cymi przepisami prawa, w tym z Rozporz\u0105dzeniem Parlamentu Europejskiego i Rady (UE) 2016\/679 z dnia 27 kwietnia 2016 r. (RODO).<\/li><\/ol><h4>II. Zakres Zbieranych Danych<\/h4><ol><li><p>Administrator przetwarza dane osobowe U\u017cytkownik\u00f3w w celu:<\/p><ul><li>Realizacji zam\u00f3wie\u0144 z\u0142o\u017conych w sklepie,<\/li><li>Obs\u0142ugi procesu p\u0142atno\u015bci,<\/li><li>Obs\u0142ugi zapyta\u0144 i reklamacji,<\/li><li>Prowadzenia konta U\u017cytkownika,<\/li><li>Wysy\u0142ki newslettera (je\u017celi U\u017cytkownik wyrazi\u0142 na to zgod\u0119),<\/li><li>Realizacji obowi\u0105zk\u00f3w prawnych ci\u0105\u017c\u0105cych na Administratorze.<\/li><\/ul><\/li><li><p>W szczeg\u00f3lno\u015bci przetwarzane mog\u0105 by\u0107 nast\u0119puj\u0105ce dane osobowe:<\/p><ul><li>Imi\u0119 i nazwisko,<\/li><li>Adres e-mail,<\/li><li>Adres dostawy,<\/li><li>Numer telefonu,<\/li><li>Dane do faktury (w przypadku, gdy U\u017cytkownik wybierze tak\u0105 opcj\u0119).<\/li><\/ul><\/li><li><p>Podanie danych osobowych przez U\u017cytkownika jest dobrowolne, jednak niezb\u0119dne do realizacji zam\u00f3wienia w sklepie.<\/p><\/li><\/ol><h4>III. Cele i Podstawa Prawna Przetwarzania Danych<\/h4><ol><li>Dane osobowe U\u017cytkownik\u00f3w przetwarzane s\u0105 w celu:<ul><li>Realizacji umowy sprzeda\u017cy (art. 6 ust. 1 lit. b RODO),<\/li><li>Wype\u0142nienia obowi\u0105zk\u00f3w prawnych ci\u0105\u017c\u0105cych na Administratorze, np. obowi\u0105zk\u00f3w podatkowych (art. 6 ust. 1 lit. c RODO),<\/li><li>Na podstawie prawnie uzasadnionego interesu Administratora, np. w celu prowadzenia marketingu bezpo\u015bredniego (art. 6 ust. 1 lit. f RODO).<\/li><\/ul><\/li><\/ol><h4>IV. Przekazywanie Danych<\/h4><ol><li>Dane osobowe U\u017cytkownik\u00f3w mog\u0105 by\u0107 przekazywane podmiotom zewn\u0119trznym wy\u0142\u0105cznie w celach zwi\u0105zanych z realizacj\u0105 zam\u00f3wienia, np. firmom kurierskim, operatorom p\u0142atno\u015bci, oraz podmiotom \u015bwiadcz\u0105cym us\u0142ugi IT na rzecz Administratora.<\/li><li>Dane osobowe U\u017cytkownik\u00f3w nie s\u0105 przekazywane do pa\u0144stw trzecich (poza Europejski Obszar Gospodarczy) ani organizacji mi\u0119dzynarodowych.<\/li><\/ol><h4>V. Okres Przechowywania Danych<\/h4><ol><li>Dane osobowe U\u017cytkownik\u00f3w b\u0119d\u0105 przechowywane przez okres niezb\u0119dny do realizacji zam\u00f3wienia oraz przez okres wymagany przepisami prawa (np. w zakresie przechowywania dokumentacji ksi\u0119gowej).<\/li><li>W przypadku przetwarzania danych na podstawie zgody U\u017cytkownika, dane b\u0119d\u0105 przetwarzane do momentu wycofania tej zgody.<\/li><\/ol><h4>VI. Prawa U\u017cytkownik\u00f3w<\/h4><ol><li><p>U\u017cytkownik ma prawo do:<\/p><ul><li>Dost\u0119pu do swoich danych osobowych oraz otrzymania ich kopii,<\/li><li>Sprostowania (poprawienia) swoich danych,<\/li><li>Usuni\u0119cia danych (prawo do bycia zapomnianym),<\/li><li>Ograniczenia przetwarzania danych,<\/li><li>Przenoszenia danych,<\/li><li>Wniesienia sprzeciwu wobec przetwarzania danych,<\/li><li>Wycofania zgody na przetwarzanie danych osobowych w dowolnym momencie (je\u015bli przetwarzanie odbywa si\u0119 na podstawie zgody).<\/li><\/ul><\/li><li><p>W celu skorzystania ze swoich praw, U\u017cytkownik mo\u017ce skontaktowa\u0107 si\u0119 z Administratorem poprzez wys\u0142anie wiadomo\u015bci e-mail na adres: sklep@maimi-collection.pl.<\/p><\/li><\/ol><h4>VII. Bezpiecze\u0144stwo Danych<\/h4><ol><li>Administrator stosuje odpowiednie \u015brodki techniczne i organizacyjne w celu zapewnienia ochrony przetwarzanych danych osobowych, w tym zabezpieczenia przed nieuprawnionym dost\u0119pem, utrat\u0105 lub zniszczeniem danych.<\/li><\/ol><h4>VIII. Pliki Cookies<\/h4><ol><li>Sklep &#8220;MaimiCollection&#8221; u\u017cywa plik\u00f3w cookies w celu zapewnienia prawid\u0142owego funkcjonowania strony oraz w celach statystycznych i marketingowych.<\/li><li>U\u017cytkownik mo\u017ce zarz\u0105dza\u0107 plikami cookies za pomoc\u0105 ustawie\u0144 swojej przegl\u0105darki internetowej.<\/li><\/ol><h4>IX. Zmiany w Polityce Prywatno\u015bci<\/h4><ol><li>Administrator zastrzega sobie prawo do wprowadzania zmian w niniejszej Polityce Prywatno\u015bci. Zmieniona Polityka Prywatno\u015bci zostanie opublikowana na stronie sklepu.<\/li><li>Zmiany wchodz\u0105 w \u017cycie z dniem ich publikacji, chyba \u017ce co innego wynika z nowej tre\u015bci Polityki Prywatno\u015bci.<\/li><\/ol><h4>X. Kontakt<\/h4><ol><li>W przypadku pyta\u0144 dotycz\u0105cych niniejszej Polityki Prywatno\u015bci, U\u017cytkownik mo\u017ce skontaktowa\u0107 si\u0119 z Administratorem za po\u015brednictwem poczty elektronicznej: sklep@maimi-collection.pl.<\/li><\/ol>\t\t\t\t\t\t<\/div>\n\t\t\t\t<\/div>\n\t\t\t\t\t<\/div>\n\t\t\t\t<\/div>\n\t\t\t\t<\/div>","protected":false},"excerpt":{"rendered":"<p>Polityka Prywatno\u015bci Sklepu Internetowego &#8220;MaimiCollection&#8221; I. Postanowienia Og\u00f3lne Niniejsza Polityka Prywatno\u015bci okre\u015bla zasady przetwarzania i ochrony danych osobowych przekazanych przez U\u017cytkownik\u00f3w w zwi\u0105zku z korzystaniem przez nich ze sklepu internetowego &#8220;MaimiCollection&#8221;, dost\u0119pnego pod adresem [www.maimicollection.pl]. Administratorem danych osobowych jest M Trade Marcin Majewski, z siedzib\u0105 przy Warszawa 04-872,Strzyg\u0142owska 52Z\/1, wpisany do rejestru przedsi\u0119biorc\u00f3w pod numerem [&hellip;]<\/p>","protected":false},"author":1,"featured_media":0,"parent":0,"menu_order":0,"comment_status":"closed","ping_status":"closed","template":"","meta":{"_monsterinsights_skip_tracking":false,"_monsterinsights_sitenote_active":false,"_monsterinsights_sitenote_note":"","_monsterinsights_sitenote_category":0,"footnotes":""},"class_list":["post-22303","page","type-page","status-publish","hentry"],"aioseo_notices":[],"_links":{"self":[{"href":"https:\/\/maimi-collection.pl\/en\/wp-json\/wp\/v2\/pages\/22303","targetHints":{"allow":["GET"]}}],"collection":[{"href":"https:\/\/maimi-collection.pl\/en\/wp-json\/wp\/v2\/pages"}],"about":[{"href":"https:\/\/maimi-collection.pl\/en\/wp-json\/wp\/v2\/types\/page"}],"author":[{"embeddable":true,"href":"https:\/\/maimi-collection.pl\/en\/wp-json\/wp\/v2\/users\/1"}],"replies":[{"embeddable":true,"href":"https:\/\/maimi-collection.pl\/en\/wp-json\/wp\/v2\/comments?post=22303"}],"version-history":[{"count":7,"href":"https:\/\/maimi-collection.pl\/en\/wp-json\/wp\/v2\/pages\/22303\/revisions"}],"predecessor-version":[{"id":22499,"href":"https:\/\/maimi-collection.pl\/en\/wp-json\/wp\/v2\/pages\/22303\/revisions\/22499"}],"wp:attachment":[{"href":"https:\/\/maimi-collection.pl\/en\/wp-json\/wp\/v2\/media?parent=22303"}],"curies":[{"name":"wp","href":"https:\/\/api.w.org\/{rel}","templated":true}]}}