{"id":22292,"date":"2024-08-09T09:48:05","date_gmt":"2024-08-09T07:48:05","guid":{"rendered":"https:\/\/maimi-collection.pl\/?page_id=22292"},"modified":"2024-08-12T21:22:04","modified_gmt":"2024-08-12T19:22:04","slug":"regulamin","status":"publish","type":"page","link":"https:\/\/maimi-collection.pl\/en\/regulamin\/","title":{"rendered":"Regulations"},"content":{"rendered":"<div data-elementor-type=\"wp-page\" data-elementor-id=\"22292\" class=\"elementor elementor-22292\" data-elementor-post-type=\"page\">\n\t\t\t\t<div class=\"elementor-element elementor-element-974386c e-flex e-con-boxed e-con e-parent\" data-id=\"974386c\" data-element_type=\"container\">\n\t\t\t\t\t<div class=\"e-con-inner\">\n\t\t\t\t<div class=\"elementor-element elementor-element-669e1c9 elementor-widget elementor-widget-text-editor\" data-id=\"669e1c9\" data-element_type=\"widget\" data-widget_type=\"text-editor.default\">\n\t\t\t\t<div class=\"elementor-widget-container\">\n\t\t\t<style>\/*! elementor - v3.23.0 - 23-07-2024 *\/\n.elementor-widget-text-editor.elementor-drop-cap-view-stacked .elementor-drop-cap{background-color:#69727d;color:#fff}.elementor-widget-text-editor.elementor-drop-cap-view-framed .elementor-drop-cap{color:#69727d;border:3px solid;background-color:transparent}.elementor-widget-text-editor:not(.elementor-drop-cap-view-default) .elementor-drop-cap{margin-top:8px}.elementor-widget-text-editor:not(.elementor-drop-cap-view-default) .elementor-drop-cap-letter{width:1em;height:1em}.elementor-widget-text-editor .elementor-drop-cap{float:left;text-align:center;line-height:1;font-size:50px}.elementor-widget-text-editor .elementor-drop-cap-letter{display:inline-block}<\/style>\t\t\t\t<h3>Regulamin Sklepu Internetowego &#8220;MaimiCollection&#8221;<\/h3><h4>I. Postanowienia Og\u00f3lne<\/h4><ol><li><strong>Niniejszy regulamin<\/strong> okre\u015bla zasady korzystania ze sklepu internetowego &#8220;MaimiCollection&#8221;, dost\u0119pnego pod adresem <a href=\"\/en\/www.maimicollection.pl\/\" rel=\"noreferrer\">www.maimicollection.pl<\/a>.<\/li><li><strong>W\u0142a\u015bcicielem sklepu<\/strong> jest <strong>M Trade Marcin Majewski<\/strong>, z siedzib\u0105 przy: Warszawa 04-872,<br \/>Strzyg\u0142owska 52Z\/1, wpisany do rejestru przedsi\u0119biorc\u00f3w pod numerem\u00a0 <strong>NIP:<\/strong>\u00a09512488742.<\/li><li>Kontakt ze sklepem mo\u017cliwy jest pod adresem e-mail: sklep@maimi-collection.pl oraz telefonicznie pod numerem: 537 493 355.<\/li><\/ol><h4>II. Definicje<\/h4><ol><li><strong>Klient<\/strong> \u2013 osoba fizyczna, prawna lub jednostka organizacyjna, kt\u00f3ra dokonuje lub zamierza dokona\u0107 zakupu w sklepie &#8220;MaimiCollection&#8221;.<\/li><li><strong>Shop<\/strong> \u2013 sklep internetowy &#8220;MaimiCollection&#8221; dzia\u0142aj\u0105cy pod adresem [<a href=\"http:\/\/www.maimicollection.pl\" target=\"_new\" rel=\"noreferrer\">www.maimicollection.pl<\/a>].<\/li><li><strong>Towar<\/strong> \u2013 produkty oferowane przez sklep &#8220;MaimiCollection&#8221;.<\/li><li><strong>Konto Klienta<\/strong> \u2013 indywidualne konto, kt\u00f3re Klient mo\u017ce za\u0142o\u017cy\u0107 w sklepie, aby usprawni\u0107 proces zakupowy.<\/li><\/ol><h4>III. Zasady Sk\u0142adania Zam\u00f3wie\u0144<\/h4><ol><li>Zam\u00f3wienia w sklepie &#8220;MaimiCollection&#8221; mog\u0105 sk\u0142ada\u0107 Klienci, kt\u00f3rzy za\u0142o\u017cyli konto lub dokonuj\u0105 zakupu bez rejestracji.<\/li><li>W celu z\u0142o\u017cenia zam\u00f3wienia, Klient dodaje wybrane towary do koszyka, a nast\u0119pnie przechodzi do formularza zam\u00f3wienia, gdzie podaje wymagane dane oraz wybiera metod\u0119 p\u0142atno\u015bci i dostawy.<\/li><li>Po z\u0142o\u017ceniu zam\u00f3wienia, Klient otrzymuje na podany adres e-mail potwierdzenie zam\u00f3wienia wraz z jego numerem oraz szczeg\u00f3\u0142ami dotycz\u0105cymi p\u0142atno\u015bci i dostawy.<\/li><\/ol><h4>IV. Ceny i P\u0142atno\u015bci<\/h4><ol><li>Wszystkie ceny podane w sklepie &#8220;MaimiCollection&#8221; s\u0105 cenami brutto i zawieraj\u0105 podatek VAT.<\/li><li>Do ka\u017cdej transakcji wystawiany jest dokument sprzeda\u017cy \u2013 paragon lub faktura VAT.<\/li><li>Klient ma mo\u017cliwo\u015b\u0107 wyboru nast\u0119puj\u0105cych form p\u0142atno\u015bci:<ul><li>Przelew bankowy na konto sklepu,<\/li><li>P\u0142atno\u015b\u0107 kart\u0105 kredytow\u0105\/debetow\u0105,<\/li><li>P\u0142atno\u015b\u0107 za pobraniem (opcja dost\u0119pna tylko na terenie Polski),<\/li><li>P\u0142atno\u015b\u0107 za po\u015brednictwem systemu Przelewy24.<\/li><\/ul><\/li><\/ol><h4>V. Dostawa<\/h4><ol><li>Dostawa zam\u00f3wionych towar\u00f3w odbywa si\u0119 na terenie Polski oraz kraj\u00f3w Unii Europejskiej.<\/li><li>Koszty dostawy s\u0105 zale\u017cne od wybranej metody dostawy i s\u0105 widoczne w formularzu zam\u00f3wienia przed jego ostatecznym zatwierdzeniem.<\/li><li>Termin dostawy wynosi od 2 do 7 dni roboczych, w zale\u017cno\u015bci od dost\u0119pno\u015bci towaru i wybranej formy dostawy.<\/li><li>Produkty oznaczone jako &#8220;Pre order&#8221; mog\u0105 posiada\u0107 inny d\u0142u\u017cszy termin dostawy.<\/li><\/ol><h4>VI. Zwroty i Reklamacje<\/h4><ol><li>Klient ma prawo odst\u0105pi\u0107 od umowy sprzeda\u017cy bez podania przyczyny w terminie 14 dni od otrzymania towaru.<\/li><li>Aby skorzysta\u0107 z prawa odst\u0105pienia, Klient musi przes\u0142a\u0107 o\u015bwiadczenie o odst\u0105pieniu od umowy na adres e-mail sklepu lub w formie pisemnej na adres siedziby sklepu.<\/li><li>Towar zwracany przez Klienta musi by\u0107 nieu\u017cywany, w oryginalnym opakowaniu, z kompletem metek i zabezpiecze\u0144.<\/li><li>W przypadku zwrotu towaru, sklep zwraca Klientowi ca\u0142o\u015b\u0107 zap\u0142aconej kwoty, w tym koszty dostawy (je\u015bli by\u0142y poniesione przez Klienta).<\/li><li>Reklamacje dotycz\u0105ce wad towaru mo\u017cna zg\u0142asza\u0107 na adres e-mail sklepu lub w formie pisemnej na adres siedziby sklepu. Reklamacja zostanie rozpatrzona w ci\u0105gu 14 dni roboczych.<\/li><\/ol><h4>VII. Ochrona Danych Osobowych<\/h4><ol><li>Administratorem danych osobowych jest [Imi\u0119 i Nazwisko\/Firma], z siedzib\u0105 przy Warszawa 04-872,<br \/>Strzyg\u0142owska 52Z\/1.<\/li><li>Dane osobowe Klient\u00f3w s\u0105 przetwarzane wy\u0142\u0105cznie w celu realizacji zam\u00f3wie\u0144, zgodnie z obowi\u0105zuj\u0105cymi przepisami prawa.<\/li><li>Klient ma prawo do wgl\u0105du do swoich danych, ich poprawiania oraz \u017c\u0105dania usuni\u0119cia.<\/li><\/ol><h4>VIII. Postanowienia Ko\u0144cowe<\/h4><ol><li>Sklep zastrzega sobie prawo do dokonywania zmian w niniejszym regulaminie.<\/li><li>W sprawach nieuregulowanych niniejszym regulaminem zastosowanie maj\u0105 przepisy prawa polskiego, w tym Kodeksu Cywilnego oraz ustawy o prawach konsumenta.<\/li><li>Wszelkie spory wynik\u0142e na tle realizacji zam\u00f3wie\u0144 b\u0119d\u0105 rozstrzygane przez w\u0142a\u015bciwe s\u0105dy powszechne.<\/li><\/ol>\t\t\t\t\t\t<\/div>\n\t\t\t\t<\/div>\n\t\t\t\t\t<\/div>\n\t\t\t\t<\/div>\n\t\t\t\t<\/div>","protected":false},"excerpt":{"rendered":"<p>Regulamin Sklepu Internetowego &#8220;MaimiCollection&#8221; I. Postanowienia Og\u00f3lne Niniejszy regulamin okre\u015bla zasady korzystania ze sklepu internetowego &#8220;MaimiCollection&#8221;, dost\u0119pnego pod adresem www.maimicollection.pl. W\u0142a\u015bcicielem sklepu jest M Trade Marcin Majewski, z siedzib\u0105 przy: Warszawa 04-872,Strzyg\u0142owska 52Z\/1, wpisany do rejestru przedsi\u0119biorc\u00f3w pod numerem\u00a0 NIP:\u00a09512488742. Kontakt ze sklepem mo\u017cliwy jest pod adresem e-mail: sklep@maimi-collection.pl oraz telefonicznie pod numerem: 537 493 [&hellip;]<\/p>","protected":false},"author":1,"featured_media":0,"parent":0,"menu_order":0,"comment_status":"closed","ping_status":"closed","template":"","meta":{"_monsterinsights_skip_tracking":false,"_monsterinsights_sitenote_active":false,"_monsterinsights_sitenote_note":"","_monsterinsights_sitenote_category":0,"footnotes":""},"class_list":["post-22292","page","type-page","status-publish","hentry"],"aioseo_notices":[],"_links":{"self":[{"href":"https:\/\/maimi-collection.pl\/en\/wp-json\/wp\/v2\/pages\/22292","targetHints":{"allow":["GET"]}}],"collection":[{"href":"https:\/\/maimi-collection.pl\/en\/wp-json\/wp\/v2\/pages"}],"about":[{"href":"https:\/\/maimi-collection.pl\/en\/wp-json\/wp\/v2\/types\/page"}],"author":[{"embeddable":true,"href":"https:\/\/maimi-collection.pl\/en\/wp-json\/wp\/v2\/users\/1"}],"replies":[{"embeddable":true,"href":"https:\/\/maimi-collection.pl\/en\/wp-json\/wp\/v2\/comments?post=22292"}],"version-history":[{"count":28,"href":"https:\/\/maimi-collection.pl\/en\/wp-json\/wp\/v2\/pages\/22292\/revisions"}],"predecessor-version":[{"id":22505,"href":"https:\/\/maimi-collection.pl\/en\/wp-json\/wp\/v2\/pages\/22292\/revisions\/22505"}],"wp:attachment":[{"href":"https:\/\/maimi-collection.pl\/en\/wp-json\/wp\/v2\/media?parent=22292"}],"curies":[{"name":"wp","href":"https:\/\/api.w.org\/{rel}","templated":true}]}}